{"id":2690,"date":"2025-10-28T11:29:03","date_gmt":"2025-10-28T10:29:03","guid":{"rendered":"https:\/\/anag.pt\/torneiotm\/?page_id=2690"},"modified":"2025-11-14T15:42:18","modified_gmt":"2025-11-14T14:42:18","slug":"xxvi","status":"publish","type":"page","link":"https:\/\/anag.pt\/torneiotm\/","title":{"rendered":"2025"},"content":{"rendered":"\n<div class=\"wp-block-cover is-repeated has-small-font-size wp-duotone-unset-13\" style=\"min-height:80px;aspect-ratio:unset;\"><div class=\"wp-block-cover__image-background wp-image-2209 size-thumbnail is-repeated\" style=\"background-position:50% 50%;background-image:url(https:\/\/anag.pt\/torneiotm\/wp-content\/uploads\/2024\/10\/alalogo1color-150x150.png)\"><\/div><span aria-hidden=\"true\" class=\"wp-block-cover__background has-base-2-background-color has-background-dim-90 has-background-dim\"><\/span><div class=\"wp-block-cover__inner-container is-layout-constrained wp-block-cover-is-layout-constrained\"><div class=\"wp-block-image\">\n<figure class=\"aligncenter size-full is-resized\"><img decoding=\"async\" src=\"https:\/\/anag.pt\/torneiotm\/wp-content\/uploads\/2025\/10\/opendouro2025_optimized.svg\" alt=\"OPEN D'OURO 2025 XXVI Torneio Aberto\" class=\"wp-image-2795\" style=\"width:693px;height:auto\"\/><\/figure>\n<\/div>\n\n\n<div class=\"wp-block-group alignfull\"><div class=\"wp-block-group__inner-container is-layout-constrained wp-block-group-is-layout-constrained\">\n<div class=\"wp-block-columns alignwide is-not-stacked-on-mobile is-layout-flex wp-container-core-columns-is-layout-9d6595d7 wp-block-columns-is-layout-flex\">\n<div class=\"wp-block-column is-layout-flow wp-block-column-is-layout-flow\" style=\"flex-basis:10%\"><\/div>\n\n\n\n<div class=\"wp-block-column is-layout-flow wp-block-column-is-layout-flow\" style=\"flex-basis:80%\">\n<div class=\"wp-block-group has-medium-font-size is-content-justification-left is-nowrap is-layout-flex wp-container-core-group-is-layout-f56a869c wp-block-group-is-layout-flex\">\n<div class=\"wp-block-buttons is-content-justification-left is-layout-flex wp-container-core-buttons-is-layout-fdcfc74e wp-block-buttons-is-layout-flex\">\n<div class=\"wp-block-button is-style-outline is-style-outline--1\"><a class=\"wp-block-button__link has-contrast-2-color has-base-2-background-color has-text-color has-background has-link-color has-small-font-size has-text-align-left has-custom-font-size wp-element-button\" href=\"http:\/\/anag.pt\/torneiotm\/sub11fem2025\" style=\"border-radius:8px\">Sub11 Femininos<\/a><\/div>\n\n\n\n<div class=\"wp-block-button is-style-outline is-style-outline--2\"><a class=\"wp-block-button__link has-contrast-2-color has-base-2-background-color has-text-color has-background has-link-color has-small-font-size has-text-align-left has-custom-font-size wp-element-button\" href=\"http:\/\/anag.pt\/torneiotm\/sub11mas2025\" style=\"border-radius:8px\">Sub11 Masculinos<\/a><\/div>\n<\/div>\n<\/div>\n\n\n\n<div style=\"height:8px;width:0px\" aria-hidden=\"true\" class=\"wp-block-spacer is-style-default\"><\/div>\n\n\n\n<div class=\"wp-block-group has-medium-font-size is-content-justification-right is-nowrap is-layout-flex wp-container-core-group-is-layout-fd526d70 wp-block-group-is-layout-flex\">\n<div class=\"wp-block-buttons is-content-justification-right is-layout-flex wp-container-core-buttons-is-layout-765c4724 wp-block-buttons-is-layout-flex\">\n<div class=\"wp-block-button is-style-outline is-style-outline--3\"><a class=\"wp-block-button__link has-contrast-2-color has-base-2-background-color has-text-color has-background has-link-color has-small-font-size has-text-align-left has-custom-font-size wp-element-button\" href=\"http:\/\/anag.pt\/torneiotm\/sub13fem2025\" style=\"border-radius:8px\">Sub13 Femininos<\/a><\/div>\n\n\n\n<div class=\"wp-block-button is-style-outline is-style-outline--4\"><a class=\"wp-block-button__link has-contrast-2-color has-base-2-background-color has-text-color has-background has-link-color has-small-font-size has-text-align-left has-custom-font-size wp-element-button\" href=\"http:\/\/anag.pt\/torneiotm\/sub13mas2025\" style=\"border-radius:8px\">Sub13 Masculinos<\/a><\/div>\n<\/div>\n<\/div>\n\n\n\n<div style=\"height:8px;width:0px\" aria-hidden=\"true\" class=\"wp-block-spacer is-style-default\"><\/div>\n\n\n\n<div class=\"wp-block-group is-nowrap is-layout-flex wp-container-core-group-is-layout-ad2f72ca wp-block-group-is-layout-flex\">\n<div class=\"wp-block-buttons is-content-justification-left is-layout-flex wp-container-core-buttons-is-layout-fdcfc74e wp-block-buttons-is-layout-flex\">\n<div class=\"wp-block-button is-style-outline is-style-outline--5\"><a class=\"wp-block-button__link has-contrast-2-color has-base-2-background-color has-text-color has-background has-link-color has-text-align-left wp-element-button\" href=\"http:\/\/anag.pt\/torneiotm\/sub15fem2025\" style=\"border-radius:8px\">Sub15 Femininos<\/a><\/div>\n\n\n\n<div class=\"wp-block-button is-style-outline is-style-outline--6\"><a class=\"wp-block-button__link has-contrast-2-color has-base-2-background-color has-text-color has-background has-link-color has-text-align-left wp-element-button\" href=\"http:\/\/anag.pt\/torneiotm\/sub15mas2025\" style=\"border-radius:8px\">Sub15 Masculinos<\/a><\/div>\n<\/div>\n<\/div>\n\n\n\n<div style=\"height:8px;width:0px\" aria-hidden=\"true\" class=\"wp-block-spacer is-style-default\"><\/div>\n\n\n\n<div class=\"wp-block-group is-content-justification-right is-nowrap is-layout-flex wp-container-core-group-is-layout-fd526d70 wp-block-group-is-layout-flex\">\n<div class=\"wp-block-buttons is-content-justification-right is-layout-flex wp-container-core-buttons-is-layout-765c4724 wp-block-buttons-is-layout-flex\">\n<div class=\"wp-block-button is-style-outline is-style-outline--7\"><a class=\"wp-block-button__link has-contrast-2-color has-base-2-background-color has-text-color has-background has-link-color has-text-align-left wp-element-button\" href=\"http:\/\/anag.pt\/torneiotm\/sub17fem2025\" style=\"border-radius:8px\">Sub17 Femininos<\/a><\/div>\n\n\n\n<div class=\"wp-block-button is-style-outline is-style-outline--8\"><a class=\"wp-block-button__link has-contrast-2-color has-base-2-background-color has-text-color has-background has-link-color has-text-align-left wp-element-button\" href=\"http:\/\/anag.pt\/torneiotm\/sub17mas2025\" style=\"border-radius:8px\">Sub17 Masculinos<\/a><\/div>\n<\/div>\n<\/div>\n\n\n\n<div style=\"height:8px;width:0px\" aria-hidden=\"true\" class=\"wp-block-spacer is-style-default\"><\/div>\n\n\n\n<div class=\"wp-block-group is-nowrap is-layout-flex wp-container-core-group-is-layout-ad2f72ca wp-block-group-is-layout-flex\">\n<div class=\"wp-block-buttons is-layout-flex wp-block-buttons-is-layout-flex\">\n<div class=\"wp-block-button is-style-outline is-style-outline--9\"><a class=\"wp-block-button__link has-contrast-2-color has-base-2-background-color has-text-color has-background has-link-color has-text-align-left wp-element-button\" href=\"http:\/\/anag.pt\/torneiotm\/sub19fem2025\" style=\"border-radius:8px\">Sub19 Femininos<\/a><\/div>\n\n\n\n<div class=\"wp-block-button is-style-outline is-style-outline--10\"><a class=\"wp-block-button__link has-contrast-2-color has-base-2-background-color has-text-color has-background has-link-color has-text-align-left wp-element-button\" href=\"http:\/\/anag.pt\/torneiotm\/sub19mas2025\" style=\"border-radius:8px\">Sub19 Masculinos<\/a><\/div>\n<\/div>\n<\/div>\n\n\n\n<div style=\"height:8px;width:0px\" aria-hidden=\"true\" class=\"wp-block-spacer is-style-default\"><\/div>\n\n\n\n<div class=\"wp-block-group is-content-justification-right is-nowrap is-layout-flex wp-container-core-group-is-layout-fd526d70 wp-block-group-is-layout-flex\">\n<div class=\"wp-block-buttons is-content-justification-right is-layout-flex wp-container-core-buttons-is-layout-765c4724 wp-block-buttons-is-layout-flex\">\n<div class=\"wp-block-button is-style-outline is-style-outline--11\"><a class=\"wp-block-button__link has-contrast-2-color has-base-2-background-color has-text-color has-background has-link-color has-text-align-left wp-element-button\" href=\"http:\/\/anag.pt\/torneiotm\/senioresfem2025\" style=\"border-radius:8px\">Seniores Femininos<\/a><\/div>\n\n\n\n<div class=\"wp-block-button is-style-outline is-style-outline--12\"><a class=\"wp-block-button__link has-contrast-2-color has-base-2-background-color has-text-color has-background has-link-color has-text-align-left wp-element-button\" href=\"http:\/\/anag.pt\/torneiotm\/senioresmas2025\" style=\"border-radius:8px\">Seniores Masculinos<\/a><\/div>\n<\/div>\n<\/div>\n<\/div>\n\n\n\n<div class=\"wp-block-column is-layout-flow wp-block-column-is-layout-flow\" style=\"flex-basis:10%\"><\/div>\n<\/div>\n<\/div><\/div>\n\n\n\n<div class=\"wp-block-group alignwide is-content-justification-center is-nowrap is-layout-flex wp-container-core-group-is-layout-94bc23d7 wp-block-group-is-layout-flex\">\n<p class=\"has-text-align-center has-contrast-2-color has-text-color has-link-color wp-elements-e4476c07945f7633bc03daff421187d5\"><a href=\"https:\/\/mapas.fptm.pt\/fptm\/?torneionome=%7B%22torneionome%22%3A%22OPEN%2BD%2527OURO%22%2C%22torneiodata%22%3A%2201-11-2025%22%7D#\" target=\"_blank\" rel=\"noreferrer noopener\"><strong>Mapas S\u00e1bado<\/strong><\/a> \/ <strong><a href=\"https:\/\/mapas.fptm.pt\/fptm\/?torneionome=%7B%22torneionome%22%3A%22OPEN%2BD%2527OURO%22%2C%22torneiodata%22%3A%2202-11-2025%22%7D#\" target=\"_blank\" rel=\"noreferrer noopener\">Mapas Domingo<\/a> <\/strong><br>Federa\u00e7\u00e3o Portuguesa de T\u00e9nis de Mesa<br>( validade dos links regularmente verificada )<\/p>\n<\/div>\n\n\n\n<div style=\"height:30px;width:0px\" aria-hidden=\"true\" class=\"wp-block-spacer\"><\/div>\n\n\n\n<div class=\"wp-block-group alignwide has-background is-vertical is-content-justification-center is-layout-flex wp-container-core-group-is-layout-73a99bce wp-block-group-is-layout-flex\" style=\"background:linear-gradient(0deg,rgba(238,238,238,0.04) 0%,rgb(169,184,195) 100%)\">\n<div style=\"height:47px\" aria-hidden=\"true\" class=\"wp-block-spacer wp-container-content-d613cd94\"><\/div>\n\n\n\n<p class=\"has-text-align-center has-contrast-color has-text-color has-link-color has-small-font-size wp-elements-014d1a9e39e07a3ea2f837c98797102a\"><em>Nesta edi\u00e7\u00e3o n\u00e3o nos foi poss\u00edvel apresentar informa\u00e7\u00e3o do Torneio em tempo \u00fatil<\/em><br><\/p>\n\n\n\n<p class=\"has-text-align-center has-contrast-color has-text-color has-link-color has-medium-font-size wp-elements-3e6205952e377bdbfa9152b8b68c0ebb\"><em>As nossas sinceras desculpas...<\/em><br><\/p>\n\n\n\n<div style=\"height:47px\" aria-hidden=\"true\" class=\"wp-block-spacer wp-container-content-d613cd94\"><\/div>\n<\/div>\n\n\n\n<div style=\"height:100px;width:0px\" aria-hidden=\"true\" class=\"wp-block-spacer\"><\/div>\n<\/div><\/div>\n","protected":false},"excerpt":{"rendered":"","protected":false},"author":1,"featured_media":0,"parent":0,"menu_order":0,"comment_status":"closed","ping_status":"closed","template":"","meta":{"footnotes":""},"class_list":["post-2690","page","type-page","status-publish"],"jetpack_sharing_enabled":true,"_links":{"self":[{"href":"https:\/\/anag.pt\/torneiotm\/wp-json\/wp\/v2\/pages\/2690","targetHints":{"allow":["GET"]}}],"collection":[{"href":"https:\/\/anag.pt\/torneiotm\/wp-json\/wp\/v2\/pages"}],"about":[{"href":"https:\/\/anag.pt\/torneiotm\/wp-json\/wp\/v2\/types\/page"}],"author":[{"embeddable":true,"href":"https:\/\/anag.pt\/torneiotm\/wp-json\/wp\/v2\/users\/1"}],"replies":[{"embeddable":true,"href":"https:\/\/anag.pt\/torneiotm\/wp-json\/wp\/v2\/comments?post=2690"}],"version-history":[{"count":101,"href":"https:\/\/anag.pt\/torneiotm\/wp-json\/wp\/v2\/pages\/2690\/revisions"}],"predecessor-version":[{"id":2977,"href":"https:\/\/anag.pt\/torneiotm\/wp-json\/wp\/v2\/pages\/2690\/revisions\/2977"}],"wp:attachment":[{"href":"https:\/\/anag.pt\/torneiotm\/wp-json\/wp\/v2\/media?parent=2690"}],"curies":[{"name":"wp","href":"https:\/\/api.w.org\/{rel}","templated":true}]}}